{"id":2518,"date":"2018-07-19T10:21:02","date_gmt":"2018-07-19T07:21:02","guid":{"rendered":"https:\/\/israpart.com\/condiciones-generales\/"},"modified":"2024-03-04T18:16:11","modified_gmt":"2024-03-04T16:16:11","slug":"condiciones-generales","status":"publish","type":"page","link":"https:\/\/israpart.com\/es\/condiciones-generales\/","title":{"rendered":"Condiciones generales"},"content":{"rendered":"\t\t<div data-elementor-type=\"wp-page\" data-elementor-id=\"2518\" class=\"elementor elementor-2518 elementor-151\">\n\t\t\t\t<div class=\"elementor-element elementor-element-825181 e-flex e-con-boxed e-con e-parent\" data-id=\"825181\" data-element_type=\"container\" data-e-type=\"container\">\n\t\t\t\t\t<div class=\"e-con-inner\">\n\t\t\t\t<div class=\"elementor-element elementor-element-46122d64 elementor-widget elementor-widget-text-editor\" data-id=\"46122d64\" data-element_type=\"widget\" data-e-type=\"widget\" data-widget_type=\"text-editor.default\">\n\t\t\t\t<div class=\"elementor-widget-container\">\n\t\t\t\t\t\t\t\t\t<p>T\u00e9rminos y condiciones de IsrApart &#8211; Sitio web de alquiler de apartamentos<\/p>\n<p><strong>Reserva y pago:<\/strong><\/p>\n<ul>\n<li>Las reservas est\u00e1n sujetas a disponibilidad.<\/li>\n<li>Los pagos deben efectuarse utilizando los m\u00e9todos aceptados que se especifican en el sitio web.<\/li>\n<\/ul>\n<p><strong>Pol\u00edtica de cancelaci\u00f3n:<\/strong><\/p>\n<ul>\n<li>Reembolso \u00edntegro en caso de cancelaci\u00f3n hasta 30 d\u00edas antes del check-in.<\/li>\n<li>Para reservas efectuadas entre 30 y 14 d\u00edas antes de la entrada, reembolso \u00edntegro en caso de anulaci\u00f3n en las 48 horas siguientes a la reserva.<\/li>\n<li>Reembolso del 50% hasta 7 d\u00edas antes del check-in. A partir de entonces, no habr\u00e1 reembolso.<\/li>\n<\/ul>\n<p><strong>Dep\u00f3sito de da\u00f1os:<\/strong><\/p>\n<ul>\n<li>A la llegada hay que abonar una fianza de 1.000 ILS mediante tarjeta de cr\u00e9dito.<\/li>\n<li>El reembolso est\u00e1 sujeto a la inspecci\u00f3n de la propiedad y se reembolsar\u00e1 a la salida.<\/li>\n<\/ul>\n<p><strong>Verificaci\u00f3n de reservas:<\/strong><\/p>\n<ul>\n<li>A pesar de la tramitaci\u00f3n del pago, la finalizaci\u00f3n de la reserva requiere una verificaci\u00f3n adicional.<\/li>\n<li>Verifique la reserva enviando una foto de los 4 \u00faltimos d\u00edgitos de su tarjeta de cr\u00e9dito y una foto de su DNI.<\/li>\n<li>Env\u00edalo a trav\u00e9s de la plataforma o por WhatsApp al +972 52 461 8181.<\/li>\n<li><span style=\"text-align: var(--text-align); font-size: 1rem;\">Cubra los d\u00edgitos centrales, el c\u00f3digo CVV\/CVC y la fecha de caducidad para mayor seguridad.<\/span><\/li>\n<\/ul>\n<p><strong>Pago con tarjeta de cr\u00e9dito:<\/strong><\/p>\n<ul>\n<li>Al pagar con tarjeta de cr\u00e9dito, se cobra una comisi\u00f3n adicional del 4%.<\/li>\n<\/ul>\n<div>\n<div><b>Solicitud de servicios:<\/b><\/div>\n<div> <\/div>\n<ul>\n<li><span style=\"font-size: 1rem; text-align: var(--text-align);\">Para servicios adicionales, p\u00f3ngase en contacto con nosotros.<\/span><\/li>\n<li>Los servicios solicitados pueden ser de pago.<\/li>\n<li>Se facilitar\u00e1 informaci\u00f3n transparente sobre los costes.<\/li>\n<\/ul>\n<\/div>\n<p><strong>Normas de la casa:<\/strong><\/p>\n<ul>\n<li>Las fiestas est\u00e1n prohibidas.<\/li>\n<li>Prohibido fumar dentro de los apartamentos.<\/li>\n<\/ul>\n<p><strong>Registro de entrada y salida:<\/strong><\/p>\n<ul>\n<li>La hora est\u00e1ndar de entrada es a las 16:00 y la de salida a las 11:00.<\/li>\n<li>Si se solicita, se puede hacer el registro de entrada antes de lo habitual o el registro de salida despu\u00e9s de lo habitual.<\/li>\n<\/ul>\n<p><strong>Responsabilidad de los invitados:<\/strong><\/p>\n<ul>\n<li>Los hu\u00e9spedes deben proporcionar informaci\u00f3n precisa durante el proceso de reserva.<\/li>\n<li>Se espera una conducta adecuada y el cumplimiento de las pol\u00edticas del hotel.<\/li>\n<\/ul>\n<p><strong>Modificaciones y anulaciones:<\/strong><\/p>\n<ul>\n<li>Las solicitudes de modificaci\u00f3n o cancelaci\u00f3n deben atenerse a las pol\u00edticas especificadas.<\/li>\n<li>Las cancelaciones fuera de plazo o la no presentaci\u00f3n pueden dar lugar a cargos.<\/li>\n<\/ul>\n<p><strong>Da\u00f1os materiales:<\/strong><\/p>\n<ul>\n<li>Cualquier da\u00f1o causado a la propiedad por los hu\u00e9spedes ser\u00e1 responsabilidad del hu\u00e9sped.<\/li>\n<\/ul>\n<p><strong>Seguridad y privacidad:<\/strong><\/p>\n<ul>\n<li>Los hu\u00e9spedes son responsables de la seguridad de sus objetos personales.<\/li>\n<\/ul>\n<p><strong>Actualizaci\u00f3n de las condiciones:<\/strong><\/p>\n<ul>\n<li>IsrApart se reserva el derecho de actualizar o modificar estos t\u00e9rminos y condiciones.<\/li>\n<\/ul>\n<p><strong>Acuerdo:<\/strong><\/p>\n<ul>\n<li><b>Al utilizar el sitio web de IsrApart, acepta cumplir estas condiciones.<\/b><\/li>\n<\/ul>\n<p>Gracias por elegir IsrApart. Estamos deseando recibirle y asegurarnos de que su estancia sea excepcional. Hasta pronto.<\/p>\n\t\t\t\t\t\t\t\t<\/div>\n\t\t\t\t<\/div>\n\t\t\t\t\t<\/div>\n\t\t\t\t<\/div>\n\t\t\t\t<\/div>\n\t\t","protected":false},"excerpt":{"rendered":"<p>T\u00e9rminos y condiciones de IsrApart &#8211; Sitio web de alquiler de apartamentos Reserva y pago: Las reservas est\u00e1n sujetas a disponibilidad. Los pagos deben efectuarse utilizando los m\u00e9todos aceptados que se especifican en el sitio web. Pol\u00edtica de cancelaci\u00f3n: Reembolso \u00edntegro en caso de cancelaci\u00f3n hasta 30 d\u00edas antes del check-in. Para reservas efectuadas entre &hellip; <a href=\"https:\/\/israpart.com\/es\/condiciones-generales\/\" class=\"more-link\">Continue reading<span class=\"screen-reader-text\"> &#8220;Condiciones generales&#8221;<\/span><\/a><\/p>\n","protected":false},"author":1,"featured_media":0,"parent":0,"menu_order":0,"comment_status":"closed","ping_status":"closed","template":"","meta":{"inline_featured_image":false,"footnotes":""},"class_list":["post-2518","page","type-page","status-publish","hentry"],"jetpack_sharing_enabled":true,"_links":{"self":[{"href":"https:\/\/israpart.com\/es\/wp-json\/wp\/v2\/pages\/2518","targetHints":{"allow":["GET"]}}],"collection":[{"href":"https:\/\/israpart.com\/es\/wp-json\/wp\/v2\/pages"}],"about":[{"href":"https:\/\/israpart.com\/es\/wp-json\/wp\/v2\/types\/page"}],"author":[{"embeddable":true,"href":"https:\/\/israpart.com\/es\/wp-json\/wp\/v2\/users\/1"}],"replies":[{"embeddable":true,"href":"https:\/\/israpart.com\/es\/wp-json\/wp\/v2\/comments?post=2518"}],"version-history":[{"count":2,"href":"https:\/\/israpart.com\/es\/wp-json\/wp\/v2\/pages\/2518\/revisions"}],"predecessor-version":[{"id":2530,"href":"https:\/\/israpart.com\/es\/wp-json\/wp\/v2\/pages\/2518\/revisions\/2530"}],"wp:attachment":[{"href":"https:\/\/israpart.com\/es\/wp-json\/wp\/v2\/media?parent=2518"}],"curies":[{"name":"wp","href":"https:\/\/api.w.org\/{rel}","templated":true}]}}