{"id":2484,"date":"2018-07-19T12:25:18","date_gmt":"2018-07-19T09:25:18","guid":{"rendered":"https:\/\/israpart.com\/acerca-de-israpart\/"},"modified":"2024-03-30T17:19:00","modified_gmt":"2024-03-30T15:19:00","slug":"acerca-de-israpart","status":"publish","type":"page","link":"https:\/\/israpart.com\/es\/acerca-de-israpart\/","title":{"rendered":"Acerca de IsrApart"},"content":{"rendered":"\t\t<div data-elementor-type=\"wp-post\" data-elementor-id=\"2484\" class=\"elementor elementor-2484 elementor-166\">\n\t\t\t\t\t\t<section class=\"elementor-section elementor-top-section elementor-element elementor-element-3c6ee93 elementor-section-boxed elementor-section-height-default elementor-section-height-default\" data-id=\"3c6ee93\" data-element_type=\"section\" data-e-type=\"section\">\n\t\t\t\t\t\t<div class=\"elementor-container elementor-column-gap-default\">\n\t\t\t\t\t<div class=\"elementor-column elementor-col-100 elementor-top-column elementor-element elementor-element-95100c7\" data-id=\"95100c7\" data-element_type=\"column\" data-e-type=\"column\">\n\t\t\t<div class=\"elementor-widget-wrap elementor-element-populated\">\n\t\t\t\t\t\t<div class=\"elementor-element elementor-element-6c35f39 elementor-widget elementor-widget-text-editor\" data-id=\"6c35f39\" data-element_type=\"widget\" data-e-type=\"widget\" data-widget_type=\"text-editor.default\">\n\t\t\t\t<div class=\"elementor-widget-container\">\n\t\t\t\t\t\t\t\t\t<p>Acerca de IsrApart &#8211;<a href=\"https:\/\/israpart.com\/es\/\"> IsrApart <\/a>le invita a experimentar la esencia de Israel desde la comodidad de nuestros c\u00e9ntricos apartamentos de vacaciones.<\/p>\n<p>Nuestra misi\u00f3n es proporcionarle una estancia c\u00f3moda y agradable, que le permita explorar la bulliciosa vida de la ciudad y las joyas culturales que tiene a su alcance.<\/p>\n\t\t\t\t\t\t\t\t<\/div>\n\t\t\t\t<\/div>\n\t\t\t\t<div class=\"elementor-element elementor-element-90622b4 elementor-arrows-position-inside elementor-pagination-position-outside elementor-widget elementor-widget-image-carousel\" data-id=\"90622b4\" data-element_type=\"widget\" data-e-type=\"widget\" data-settings=\"{&quot;slides_to_show&quot;:&quot;1&quot;,&quot;navigation&quot;:&quot;both&quot;,&quot;autoplay&quot;:&quot;yes&quot;,&quot;pause_on_hover&quot;:&quot;yes&quot;,&quot;pause_on_interaction&quot;:&quot;yes&quot;,&quot;autoplay_speed&quot;:5000,&quot;infinite&quot;:&quot;yes&quot;,&quot;effect&quot;:&quot;slide&quot;,&quot;speed&quot;:500}\" data-widget_type=\"image-carousel.default\">\n\t\t\t\t<div class=\"elementor-widget-container\">\n\t\t\t\t\t\t\t<div class=\"elementor-image-carousel-wrapper swiper\" role=\"region\" aria-roledescription=\"carousel\" aria-label=\"Carrusel de im\u00e1genes\" dir=\"ltr\">\n\t\t\t<div class=\"elementor-image-carousel swiper-wrapper\" aria-live=\"off\">\n\t\t\t\t\t\t\t\t<div class=\"swiper-slide\" role=\"group\" aria-roledescription=\"slide\" aria-label=\"1 de 9\"><figure class=\"swiper-slide-inner\"><img decoding=\"async\" class=\"swiper-slide-image\" src=\"https:\/\/israpart.com\/wp-content\/uploads\/2023\/11\/\u05db\u05dc-\u05d4\u05ea\u05de\u05d5\u05e0\u05d5\u05ea-\u05e8\u05e2\u05e0\u05e0\u05d4-1658-840x466.jpg\" alt=\"Garden House 12\" \/><\/figure><\/div><div class=\"swiper-slide\" role=\"group\" aria-roledescription=\"slide\" aria-label=\"2 de 9\"><figure class=\"swiper-slide-inner\"><img decoding=\"async\" class=\"swiper-slide-image\" src=\"https:\/\/israpart.com\/wp-content\/uploads\/2023\/11\/3-1-840x466.jpg\" alt=\"Family Apartment 27\" \/><\/figure><\/div><div class=\"swiper-slide\" role=\"group\" aria-roledescription=\"slide\" aria-label=\"3 de 9\"><figure class=\"swiper-slide-inner\"><img decoding=\"async\" class=\"swiper-slide-image\" src=\"https:\/\/israpart.com\/wp-content\/uploads\/2023\/11\/8-1-840x466.jpg\" alt=\"Bed &amp; Balcony Room\" \/><\/figure><\/div><div class=\"swiper-slide\" role=\"group\" aria-roledescription=\"slide\" aria-label=\"4 de 9\"><figure class=\"swiper-slide-inner\"><img decoding=\"async\" class=\"swiper-slide-image\" src=\"https:\/\/israpart.com\/wp-content\/uploads\/2023\/11\/11-1-840x466.jpg\" alt=\"Studio One 1\" \/><\/figure><\/div><div class=\"swiper-slide\" role=\"group\" aria-roledescription=\"slide\" aria-label=\"5 de 9\"><figure class=\"swiper-slide-inner\"><img decoding=\"async\" class=\"swiper-slide-image\" src=\"https:\/\/israpart.com\/wp-content\/uploads\/2023\/11\/\u05e8\u05de\u05ea-\u05d2\u05df-\u05db\u05dc-\u05d4\u05ea\u05de\u05d5\u05e0\u05d5\u05ea-1954-1-840x466.jpg\" alt=\"Studio Two\" \/><\/figure><\/div><div class=\"swiper-slide\" role=\"group\" aria-roledescription=\"slide\" aria-label=\"6 de 9\"><figure class=\"swiper-slide-inner\"><img decoding=\"async\" class=\"swiper-slide-image\" src=\"https:\/\/israpart.com\/wp-content\/uploads\/2023\/11\/\u05e8\u05de\u05ea-\u05d2\u05df-\u05db\u05dc-\u05d4\u05ea\u05de\u05d5\u05e0\u05d5\u05ea-1947-1-840x466.jpg\" alt=\"Studio Four\" \/><\/figure><\/div><div class=\"swiper-slide\" role=\"group\" aria-roledescription=\"slide\" aria-label=\"7 de 9\"><figure class=\"swiper-slide-inner\"><img decoding=\"async\" class=\"swiper-slide-image\" src=\"https:\/\/israpart.com\/wp-content\/uploads\/2023\/11\/\u05d3\u05d9\u05e8\u05d4-\u05d9\u05e4\u05d5-4294-840x466.jpg\" alt=\"Jaffa\u2019s Yard Apartment\" \/><\/figure><\/div><div class=\"swiper-slide\" role=\"group\" aria-roledescription=\"slide\" aria-label=\"8 de 9\"><figure class=\"swiper-slide-inner\"><img decoding=\"async\" class=\"swiper-slide-image\" src=\"https:\/\/israpart.com\/wp-content\/uploads\/2023\/11\/\u05e4\u05e0\u05d8\u05d4\u05d0\u05d5\u05d6-\u05d9\u05dd-840x466.jpg\" alt=\"\u05e4\u05e0\u05d8\u05d4\u05d0\u05d5\u05d6 \u05d9\u05dd\" \/><\/figure><\/div><div class=\"swiper-slide\" role=\"group\" aria-roledescription=\"slide\" aria-label=\"9 de 9\"><figure class=\"swiper-slide-inner\"><img decoding=\"async\" class=\"swiper-slide-image\" src=\"https:\/\/israpart.com\/wp-content\/uploads\/2023\/11\/WhatsApp-Image-2024-03-29-at-5.30.02-PM-11-840x466.jpeg\" alt=\"WhatsApp Image 2024-03-29 at 5.30.02 PM (11)\" \/><\/figure><\/div>\t\t\t<\/div>\n\t\t\t\t\t\t\t\t\t\t\t\t<div class=\"elementor-swiper-button elementor-swiper-button-prev\" role=\"button\" tabindex=\"0\">\n\t\t\t\t\t\t<svg aria-hidden=\"true\" class=\"e-font-icon-svg e-eicon-chevron-left\" viewBox=\"0 0 1000 1000\" xmlns=\"http:\/\/www.w3.org\/2000\/svg\"><path d=\"M646 125C629 125 613 133 604 142L308 442C296 454 292 471 292 487 292 504 296 521 308 533L604 854C617 867 629 875 646 875 663 875 679 871 692 858 704 846 713 829 713 812 713 796 708 779 692 767L438 487 692 225C700 217 708 204 708 187 708 171 704 154 692 142 675 129 663 125 646 125Z\"><\/path><\/svg>\t\t\t\t\t<\/div>\n\t\t\t\t\t<div class=\"elementor-swiper-button elementor-swiper-button-next\" role=\"button\" tabindex=\"0\">\n\t\t\t\t\t\t<svg aria-hidden=\"true\" class=\"e-font-icon-svg e-eicon-chevron-right\" viewBox=\"0 0 1000 1000\" xmlns=\"http:\/\/www.w3.org\/2000\/svg\"><path d=\"M696 533C708 521 713 504 713 487 713 471 708 454 696 446L400 146C388 133 375 125 354 125 338 125 325 129 313 142 300 154 292 171 292 187 292 204 296 221 308 233L563 492 304 771C292 783 288 800 288 817 288 833 296 850 308 863 321 871 338 875 354 875 371 875 388 867 400 854L696 533Z\"><\/path><\/svg>\t\t\t\t\t<\/div>\n\t\t\t\t\n\t\t\t\t\t\t\t\t\t<div class=\"swiper-pagination\"><\/div>\n\t\t\t\t\t\t\t\t\t<\/div>\n\t\t\t\t\t\t<\/div>\n\t\t\t\t<\/div>\n\t\t\t\t<div class=\"elementor-element elementor-element-36a4a1a elementor-widget elementor-widget-text-editor\" data-id=\"36a4a1a\" data-element_type=\"widget\" data-e-type=\"widget\" data-widget_type=\"text-editor.default\">\n\t\t\t\t<div class=\"elementor-widget-container\">\n\t\t\t\t\t\t\t\t\t<h2>La hospitalidad es el coraz\u00f3n de IsrApart<\/h2>\n<p>En IsrApart, la hospitalidad no es s\u00f3lo un servicio, es un compromiso entretejido en el tejido de nuestra identidad. Creemos que la calidez genuina y un ambiente acogedor transforman una estancia en una experiencia inolvidable.<\/p>\n<p>Desde el momento en que se pone en contacto con nosotros hasta el d\u00eda de su salida, nos dedicamos a garantizar su comodidad y satisfacci\u00f3n. Nuestro objetivo es hacerle sentir no s\u00f3lo como un hu\u00e9sped, sino como parte de la familia IsrApart, donde cada detalle est\u00e1 cuidadosamente considerado para crear un hogar lejos de casa. Su alegr\u00eda es nuestro \u00e9xito, y la hospitalidad no s\u00f3lo es importante para nosotros, es nuestra promesa inquebrantable para usted.<\/p>\n<p>Bienvenido a IsrApart, donde la hospitalidad es un arte que dominamos con orgullo.<\/p>\n\t\t\t\t\t\t\t\t<\/div>\n\t\t\t\t<\/div>\n\t\t\t\t\t<\/div>\n\t\t<\/div>\n\t\t\t\t\t<\/div>\n\t\t<\/section>\n\t\t<div class=\"elementor-element elementor-element-62d2fc8 e-flex e-con-boxed e-con e-parent\" data-id=\"62d2fc8\" data-element_type=\"container\" data-e-type=\"container\">\n\t\t\t\t\t<div class=\"e-con-inner\">\n\t\t\t\t<div class=\"elementor-element elementor-element-b295a87 elementor-widget elementor-widget-button\" data-id=\"b295a87\" data-element_type=\"widget\" data-e-type=\"widget\" data-widget_type=\"button.default\">\n\t\t\t\t<div class=\"elementor-widget-container\">\n\t\t\t\t\t\t\t\t\t<div class=\"elementor-button-wrapper\">\n\t\t\t\t\t<a class=\"elementor-button elementor-button-link elementor-size-sm\" href=\"https:\/\/israpart.com\/es\/condiciones-generales\/\">\n\t\t\t\t\t\t<span class=\"elementor-button-content-wrapper\">\n\t\t\t\t\t\t<span class=\"elementor-button-icon\">\n\t\t\t\t<svg aria-hidden=\"true\" class=\"e-font-icon-svg e-far-list-alt\" viewBox=\"0 0 512 512\" xmlns=\"http:\/\/www.w3.org\/2000\/svg\"><path d=\"M464 32H48C21.49 32 0 53.49 0 80v352c0 26.51 21.49 48 48 48h416c26.51 0 48-21.49 48-48V80c0-26.51-21.49-48-48-48zm-6 400H54a6 6 0 0 1-6-6V86a6 6 0 0 1 6-6h404a6 6 0 0 1 6 6v340a6 6 0 0 1-6 6zm-42-92v24c0 6.627-5.373 12-12 12H204c-6.627 0-12-5.373-12-12v-24c0-6.627 5.373-12 12-12h200c6.627 0 12 5.373 12 12zm0-96v24c0 6.627-5.373 12-12 12H204c-6.627 0-12-5.373-12-12v-24c0-6.627 5.373-12 12-12h200c6.627 0 12 5.373 12 12zm0-96v24c0 6.627-5.373 12-12 12H204c-6.627 0-12-5.373-12-12v-24c0-6.627 5.373-12 12-12h200c6.627 0 12 5.373 12 12zm-252 12c0 19.882-16.118 36-36 36s-36-16.118-36-36 16.118-36 36-36 36 16.118 36 36zm0 96c0 19.882-16.118 36-36 36s-36-16.118-36-36 16.118-36 36-36 36 16.118 36 36zm0 96c0 19.882-16.118 36-36 36s-36-16.118-36-36 16.118-36 36-36 36 16.118 36 36z\"><\/path><\/svg>\t\t\t<\/span>\n\t\t\t\t\t\t\t\t\t<span class=\"elementor-button-text\">Condiciones generales<\/span>\n\t\t\t\t\t<\/span>\n\t\t\t\t\t<\/a>\n\t\t\t\t<\/div>\n\t\t\t\t\t\t\t\t<\/div>\n\t\t\t\t<\/div>\n\t\t\t\t\t<\/div>\n\t\t\t\t<\/div>\n\t\t\t\t<\/div>\n\t\t","protected":false},"excerpt":{"rendered":"<p>Acerca de IsrApart &#8211; IsrApart le invita a experimentar la esencia de Israel desde la comodidad de nuestros c\u00e9ntricos apartamentos de vacaciones. Nuestra misi\u00f3n es proporcionarle una estancia c\u00f3moda y agradable, que le permita explorar la bulliciosa vida de la ciudad y las joyas culturales que tiene a su alcance. La hospitalidad es el coraz\u00f3n &hellip; <a href=\"https:\/\/israpart.com\/es\/acerca-de-israpart\/\" class=\"more-link\">Continue reading<span class=\"screen-reader-text\"> &#8220;Acerca de IsrApart&#8221;<\/span><\/a><\/p>\n","protected":false},"author":1,"featured_media":2147,"parent":0,"menu_order":0,"comment_status":"closed","ping_status":"closed","template":"template-boxed-page.php","meta":{"inline_featured_image":false,"footnotes":""},"class_list":["post-2484","page","type-page","status-publish","has-post-thumbnail","hentry"],"jetpack_sharing_enabled":true,"_links":{"self":[{"href":"https:\/\/israpart.com\/es\/wp-json\/wp\/v2\/pages\/2484","targetHints":{"allow":["GET"]}}],"collection":[{"href":"https:\/\/israpart.com\/es\/wp-json\/wp\/v2\/pages"}],"about":[{"href":"https:\/\/israpart.com\/es\/wp-json\/wp\/v2\/types\/page"}],"author":[{"embeddable":true,"href":"https:\/\/israpart.com\/es\/wp-json\/wp\/v2\/users\/1"}],"replies":[{"embeddable":true,"href":"https:\/\/israpart.com\/es\/wp-json\/wp\/v2\/comments?post=2484"}],"version-history":[{"count":4,"href":"https:\/\/israpart.com\/es\/wp-json\/wp\/v2\/pages\/2484\/revisions"}],"predecessor-version":[{"id":3277,"href":"https:\/\/israpart.com\/es\/wp-json\/wp\/v2\/pages\/2484\/revisions\/3277"}],"wp:featuredmedia":[{"embeddable":true,"href":"https:\/\/israpart.com\/es\/wp-json\/wp\/v2\/media\/2147"}],"wp:attachment":[{"href":"https:\/\/israpart.com\/es\/wp-json\/wp\/v2\/media?parent=2484"}],"curies":[{"name":"wp","href":"https:\/\/api.w.org\/{rel}","templated":true}]}}